{"id":3183,"date":"2023-10-25T11:18:34","date_gmt":"2023-10-25T11:18:34","guid":{"rendered":"https:\/\/vistatravelclub.com\/?post_type=product&#038;p=3183"},"modified":"2023-11-13T20:21:52","modified_gmt":"2023-11-13T20:21:52","slug":"iztaccihuatl-cima-tour-desde-cdmx","status":"publish","type":"product","link":"https:\/\/vistatravelclub.com\/en\/producto\/iztaccihuatl-summit-tour-from-cdmx\/","title":{"rendered":"Iztaccihuatl Summit tour from CDMX"},"content":{"rendered":"<p>Incluido:<\/p>\n<ul>\n<li>Entrada al parque Izta-Popo<\/li>\n<li>Alimentos: Comida, cena, desayuno y box lunch de ascenso<\/li>\n<li>Equipo t\u00e9cnico personal: Crampones, piolet, casco, arn\u00e9s, bastones y foco de cabeza<\/li>\n<li>Equipo de campamento: Sleeping, colchoneta, tienda de campa\u00f1a para 2 personas<\/li>\n<li>Un gu\u00eda por cada 3 personas: Todos los gu\u00edas cuentan con certificaci\u00f3n en primeros auxilios y son miembros de la Asociaci\u00f3n Mexicana de Gu\u00edas de Monta\u00f1a<\/li>\n<\/ul>\n<p>No incluido:<\/p>\n<ul>\n<li>Propinas<\/li>\n<li>Gastos personales<\/li>\n<li>Ning\u00fan equipo para escalar<\/li>\n<li>Ning\u00fan tipo de vestimenta para protegerse del fr\u00edo<\/li>\n<li>Ning\u00fan tipo de implemento m\u00e9dico<\/li>\n<li>Tarifas de entrada no mencionadas en este paquete<\/li>\n<li>Nada no mencionado en este paquete<\/li>\n<\/ul>","protected":false},"excerpt":{"rendered":"<p>Round trip transportation: Delta Park, CDMX- Iztaccihuatl - Delta Park, CDMX. Any time of the year.<\/p>","protected":false},"featured_media":3181,"template":"","meta":[],"product_brand":[],"product_cat":[56],"product_tag":[],"class_list":{"0":"post-3183","1":"product","2":"type-product","3":"status-publish","4":"has-post-thumbnail","6":"product_cat-destinos-locales","8":"first","9":"instock","10":"taxable","11":"shipping-taxable","12":"purchasable","13":"product-type-simple"},"_links":{"self":[{"href":"https:\/\/vistatravelclub.com\/en\/wp-json\/wp\/v2\/product\/3183","targetHints":{"allow":["GET"]}}],"collection":[{"href":"https:\/\/vistatravelclub.com\/en\/wp-json\/wp\/v2\/product"}],"about":[{"href":"https:\/\/vistatravelclub.com\/en\/wp-json\/wp\/v2\/types\/product"}],"wp:featuredmedia":[{"embeddable":true,"href":"https:\/\/vistatravelclub.com\/en\/wp-json\/wp\/v2\/media\/3181"}],"wp:attachment":[{"href":"https:\/\/vistatravelclub.com\/en\/wp-json\/wp\/v2\/media?parent=3183"}],"wp:term":[{"taxonomy":"product_brand","embeddable":true,"href":"https:\/\/vistatravelclub.com\/en\/wp-json\/wp\/v2\/product_brand?post=3183"},{"taxonomy":"product_cat","embeddable":true,"href":"https:\/\/vistatravelclub.com\/en\/wp-json\/wp\/v2\/product_cat?post=3183"},{"taxonomy":"product_tag","embeddable":true,"href":"https:\/\/vistatravelclub.com\/en\/wp-json\/wp\/v2\/product_tag?post=3183"}],"curies":[{"name":"wp","href":"https:\/\/api.w.org\/{rel}","templated":true}]}}