{"id":3169,"date":"2023-10-25T10:49:03","date_gmt":"2023-10-25T10:49:03","guid":{"rendered":"https:\/\/vistatravelclub.com\/?post_type=product&#038;p=3169"},"modified":"2023-10-25T10:52:04","modified_gmt":"2023-10-25T10:52:04","slug":"viaje-a-islandia-en-2024","status":"publish","type":"product","link":"https:\/\/vistatravelclub.com\/en\/producto\/travel-to-iceland-in-2024\/","title":{"rendered":"Travel to Iceland in 2024"},"content":{"rendered":"<p>Incluido:<\/p>\n<ul>\n<li>7 d\u00edas y 6 noches en hotel en habitaci\u00f3n doble<\/li>\n<li>6 desayunos<\/li>\n<li>3 cenas buffet. La cena vikinga incluye 1 snaps\/ cerveza<\/li>\n<li>Gu\u00eda acompa\u00f1ante de habla espa\u00f1ola<\/li>\n<li>Traslados en Bus privado al aeropuerto ida\/ vuelta<\/li>\n<li>Autob\u00fas privado para todo el viaje<\/li>\n<li>Entrada con toalla a la Laguna Secreta<\/li>\n<li>Entrada al museo Skogar<\/li>\n<li>Visita al centro de volcanes y proyecci\u00f3n de un cortometraje sobre este fen\u00f3meno natural<\/li>\n<li>B\u00fasqueda de auroras boreales (Hay que tener en cuenta que las auroras boreales son un fen\u00f3meno natural, no podemos garantizar su presencia. Si el clima est\u00e1 demasiado nublado, la salida puede ser cancelada y no se aplicar\u00e1n reembolsos)<\/li>\n<li>Traslados de ida y vuelta, y entrada a la famosa Laguna Azul, con paquete confort (incluyendo toalla, una bebida)<\/li>\n<li>Asistencia durante el viaje<\/li>\n<\/ul>\n<p>No incluido:<\/p>\n<ul>\n<li>Todo aquello que no se mencione en \u201cIncluye\u201d<\/li>\n<li>Seguro m\u00e9dico o de cancelaci\u00f3n<\/li>\n<li>Vuelos internacionales o dom\u00e9sticos<\/li>\n<li>Almuerzos no mencionados<\/li>\n<li>Cenas no mencionadas<\/li>\n<li>Bebidas y gastos personales<\/li>\n<li>Propinas<\/li>\n<li>Otros servicios no mencionados<\/li>\n<li>Visa o gastos administrativos<\/li>\n<\/ul>","protected":false},"excerpt":{"rendered":"<p>Fechas:<\/p>\n<p>8-15 Enero 2024\u00a0 \/\/ 16-23 Marzo 2024<\/p>","protected":false},"featured_media":3154,"template":"","meta":[],"product_brand":[],"product_cat":[57],"product_tag":[],"class_list":{"0":"post-3169","1":"product","2":"type-product","3":"status-publish","4":"has-post-thumbnail","6":"product_cat-destinos-internacionales","8":"first","9":"instock","10":"taxable","11":"shipping-taxable","12":"purchasable","13":"product-type-simple"},"_links":{"self":[{"href":"https:\/\/vistatravelclub.com\/en\/wp-json\/wp\/v2\/product\/3169","targetHints":{"allow":["GET"]}}],"collection":[{"href":"https:\/\/vistatravelclub.com\/en\/wp-json\/wp\/v2\/product"}],"about":[{"href":"https:\/\/vistatravelclub.com\/en\/wp-json\/wp\/v2\/types\/product"}],"wp:featuredmedia":[{"embeddable":true,"href":"https:\/\/vistatravelclub.com\/en\/wp-json\/wp\/v2\/media\/3154"}],"wp:attachment":[{"href":"https:\/\/vistatravelclub.com\/en\/wp-json\/wp\/v2\/media?parent=3169"}],"wp:term":[{"taxonomy":"product_brand","embeddable":true,"href":"https:\/\/vistatravelclub.com\/en\/wp-json\/wp\/v2\/product_brand?post=3169"},{"taxonomy":"product_cat","embeddable":true,"href":"https:\/\/vistatravelclub.com\/en\/wp-json\/wp\/v2\/product_cat?post=3169"},{"taxonomy":"product_tag","embeddable":true,"href":"https:\/\/vistatravelclub.com\/en\/wp-json\/wp\/v2\/product_tag?post=3169"}],"curies":[{"name":"wp","href":"https:\/\/api.w.org\/{rel}","templated":true}]}}