{"id":788,"date":"2023-08-23T04:12:11","date_gmt":"2023-08-23T04:12:11","guid":{"rendered":"https:\/\/vistatravelclub.com\/?page_id=788"},"modified":"2023-12-05T18:26:08","modified_gmt":"2023-12-05T18:26:08","slug":"politica-de-afiliados","status":"publish","type":"page","link":"https:\/\/vistatravelclub.com\/en\/affiliate-policy\/","title":{"rendered":"Affiliate Policy"},"content":{"rendered":"<div data-elementor-type=\"wp-page\" data-elementor-id=\"788\" class=\"elementor elementor-788\" data-elementor-post-type=\"page\">\n\t\t\t\t\t\t<section class=\"elementor-section elementor-top-section elementor-element elementor-element-7c6e1d1 elementor-section-boxed elementor-section-height-default elementor-section-height-default\" data-id=\"7c6e1d1\" data-element_type=\"section\">\n\t\t\t\t\t\t<div class=\"elementor-container elementor-column-gap-default\">\n\t\t\t\t\t<div class=\"elementor-column elementor-col-100 elementor-top-column elementor-element elementor-element-3d27e46\" data-id=\"3d27e46\" data-element_type=\"column\" data-settings=\"{&quot;background_background&quot;:&quot;gradient&quot;}\">\n\t\t\t<div class=\"elementor-widget-wrap elementor-element-populated\">\n\t\t\t\t\t\t<div class=\"elementor-element elementor-element-328ff6e elementor-invisible elementor-widget elementor-widget-heading\" data-id=\"328ff6e\" data-element_type=\"widget\" data-settings=\"{&quot;_animation&quot;:&quot;fadeInDown&quot;}\" data-widget_type=\"heading.default\">\n\t\t\t\t<div class=\"elementor-widget-container\">\n\t\t\t\t\t<h1 class=\"elementor-heading-title elementor-size-default\">Affiliate Policy<\/h1>\t\t\t\t<\/div>\n\t\t\t\t<\/div>\n\t\t\t\t\t<\/div>\n\t\t<\/div>\n\t\t\t\t\t<\/div>\n\t\t<\/section>\n\t\t\t\t<section class=\"elementor-section elementor-top-section elementor-element elementor-element-b57b372 elementor-section-boxed elementor-section-height-default elementor-section-height-default\" data-id=\"b57b372\" data-element_type=\"section\" data-settings=\"{&quot;background_background&quot;:&quot;classic&quot;}\">\n\t\t\t\t\t\t\t<div class=\"elementor-background-overlay\"><\/div>\n\t\t\t\t\t\t\t<div class=\"elementor-container elementor-column-gap-default\">\n\t\t\t\t\t<div class=\"elementor-column elementor-col-100 elementor-top-column elementor-element elementor-element-53d845e\" data-id=\"53d845e\" data-element_type=\"column\">\n\t\t\t<div class=\"elementor-widget-wrap elementor-element-populated\">\n\t\t\t\t\t\t<div class=\"elementor-element elementor-element-ee1d581 translation-block elementor-widget elementor-widget-text-editor\" data-id=\"ee1d581\" data-element_type=\"widget\" data-widget_type=\"text-editor.default\">\n\t\t\t\t<div class=\"elementor-widget-container\">\n\t\t\t\t\t\t\t\t\t<p>&Uacute;ltima actualizaci&oacute;n: 19 de octubre del 2023.<\/p>\n<p>En Vista Travel Club apreciamos trabajar junto con afiliados para promocionar nuestros productos y hacer avanzar nuestro negocio. Las condiciones de nuestro programa de afiliados se describen en esta pol&iacute;tica de afiliados. Al participar en nuestro programa de afiliados, usted acepta observar las reglas que se enumeran a continuaci&oacute;n:<\/p>\n<p>Participaci&oacute;n e Inscripci&oacute;n<\/p>\n<ol>\n<li>Las personas o empresas interesadas en convertirse en afiliados deben completar nuestro formulario de solicitud de afiliado, al que se puede acceder en nuestro sitio web. Tenemos el derecho, a nuestro exclusivo criterio, de aprobar o rechazar cualquier solicitud de afiliado.<\/li>\n<li>Los afiliados deben tener un sitio web funcional, un blog, presencia en las redes sociales u otra plataforma promocional genuina relacionada con el negocio de viajes.<\/li>\n<li>Los afiliados no utilizar&aacute;n t&eacute;cnicas poco &eacute;ticas o enga&ntilde;osas para promocionar nuestros servicios, como publicidad falsa, spam o informaci&oacute;n enga&ntilde;osa.<\/li>\n<\/ol>\n<p>Compensaci&oacute;n de Afiliados<\/p>\n<ol>\n<li>Cada venta elegible generada por el enlace de afiliado especial o el c&oacute;digo de seguimiento le otorgar&aacute; una comisi&oacute;n. La estructura de comisiones y las tarifas se especificar&aacute;n en el acuerdo de afiliado.<\/li>\n<li>Las comisiones generalmente se calculan en funci&oacute;n del monto neto de la reserva despu&eacute;s de deducir los impuestos, tarifas y descuentos pertinentes.<\/li>\n<li>Los pagos de comisiones se realizar&aacute;n de acuerdo con el cronograma descrito en el acuerdo de afiliado. Los pagos pueden estar sujetos a un requisito de pago m&iacute;nimo.<\/li>\n<\/ol>\n<p>Promoci&oacute;n de Afiliados<\/p>\n<p>Se recomienda a los afiliados que promuevan nuestros servicios de manera accesible y experta. Esto implica representar nuestros servicios de manera precisa, brindar a los clientes potenciales informaci&oacute;n &uacute;til y cumplir con todas las normas y regulaciones que puedan estar vigentes.<\/p>\n<p>Los afiliados est&aacute;n a cargo de crear sus propios materiales de marketing, incluidos los banners, enlaces de texto u otros elementos creativos que podamos proporcionar.<\/p>\n<p>Los afiliados no participar&aacute;n en actividades deshonestas o fraudulentas para atraer clientes a nuestro sitio web o inducirlos a realizar transacciones. Cualquier comportamiento de este tipo dar&aacute; lugar a la terminaci&oacute;n inmediata del programa de afiliados y a posibles acciones legales.<\/p>\n<p>Seguimiento e Informes<\/p>\n<p>Los afiliados recibir&aacute;n un enlace de afiliado especial o un c&oacute;digo de seguimiento para monitorear el tr&aacute;fico y las ventas que generan.<\/p>\n<p>Para calcular las comisiones, es esencial un seguimiento preciso. Los afiliados deben notificar de inmediato a nuestro personal de soporte para afiliados si creen que puede haber un problema de seguimiento.<\/p>\n<p>Terminaci&oacute;n<\/p>\n<p>Tenemos derecho a cancelar la participaci&oacute;n de un afiliado en el programa en cualquier momento y sin previo aviso si el afiliado desobedece alg&uacute;n requisito de esta pol&iacute;tica o se involucra en un comportamiento poco &eacute;tico.<\/p>\n<p>Los afiliados tambi&eacute;n pueden optar por no participar en el programa de afiliados enviando un correo electr&oacute;nico a nuestro equipo de soporte para afiliados.<\/p>\n<p>Cambios a la Pol&iacute;tica<\/p>\n<p>Tenemos derecho a modificar las condiciones de nuestra pol&iacute;tica de afiliados en cualquier momento. Los afiliados ser&aacute;n informados de cualquier cambio y su participaci&oacute;n continua en el programa se interpretar&aacute; como la aprobaci&oacute;n de la pol&iacute;tica revisada.<\/p>\n<p>Usted confirma que ha le&iacute;do, comprende y acepta cumplir con las condiciones y pautas descritas en esta pol&iacute;tica de afiliados al registrarse en nuestro programa de afiliados.<\/p>\t\t\t\t\t\t\t\t<\/div>\n\t\t\t\t<\/div>\n\t\t\t\t<div class=\"elementor-element elementor-element-f001329 translation-block elementor-widget elementor-widget-text-editor\" data-id=\"f001329\" data-element_type=\"widget\" data-widget_type=\"text-editor.default\">\n\t\t\t\t<div class=\"elementor-widget-container\">\n\t\t\t\t\t\t\t\t\t<h5 class=\"p1\"><span class=\"s1\">Cont\u00e1ctenos<\/span><\/h5><p class=\"p2\">Si tiene alguna pregunta sobre esta Pol\u00edtica de Privacidad, puede contactarnos en:<\/p><p class=\"p3\">Direcci\u00f3n: Ciudad de M\u00e9xico, M\u00e9xico.\u00a0<\/p><p class=\"p4\">Correo electr\u00f3nico: <a class=\"c-link\" href=\"mailto:newtravel@vistatravelclub.com\" target=\"_blank\" rel=\"noopener noreferrer\" data-stringify-link=\"mailto:newtravel@vistatravelclub.com\" data-sk=\"tooltip_parent\" aria-haspopup=\"menu\">newtravel@vistatravelclub.com<\/a><\/p>\t\t\t\t\t\t\t\t<\/div>\n\t\t\t\t<\/div>\n\t\t\t\t\t<\/div>\n\t\t<\/div>\n\t\t\t\t\t<\/div>\n\t\t<\/section>\n\t\t\t\t<\/div>","protected":false},"excerpt":{"rendered":"<p>&Uacute;ltima actualizaci&oacute;n: 19 de octubre del 2023. En Vista Travel Club apreciamos trabajar junto con afiliados para promocionar nuestros productos y hacer avanzar nuestro negocio. Las condiciones de nuestro programa de afiliados se describen en esta pol&iacute;tica de afiliados. Al participar en nuestro programa de afiliados, usted acepta observar las reglas que se enumeran a [&hellip;]<\/p>","protected":false},"author":2,"featured_media":0,"parent":0,"menu_order":0,"comment_status":"closed","ping_status":"closed","template":"","meta":{"footnotes":""},"class_list":["post-788","page","type-page","status-publish","hentry"],"_links":{"self":[{"href":"https:\/\/vistatravelclub.com\/en\/wp-json\/wp\/v2\/pages\/788","targetHints":{"allow":["GET"]}}],"collection":[{"href":"https:\/\/vistatravelclub.com\/en\/wp-json\/wp\/v2\/pages"}],"about":[{"href":"https:\/\/vistatravelclub.com\/en\/wp-json\/wp\/v2\/types\/page"}],"author":[{"embeddable":true,"href":"https:\/\/vistatravelclub.com\/en\/wp-json\/wp\/v2\/users\/2"}],"replies":[{"embeddable":true,"href":"https:\/\/vistatravelclub.com\/en\/wp-json\/wp\/v2\/comments?post=788"}],"version-history":[{"count":48,"href":"https:\/\/vistatravelclub.com\/en\/wp-json\/wp\/v2\/pages\/788\/revisions"}],"predecessor-version":[{"id":3526,"href":"https:\/\/vistatravelclub.com\/en\/wp-json\/wp\/v2\/pages\/788\/revisions\/3526"}],"wp:attachment":[{"href":"https:\/\/vistatravelclub.com\/en\/wp-json\/wp\/v2\/media?parent=788"}],"curies":[{"name":"wp","href":"https:\/\/api.w.org\/{rel}","templated":true}]}}