{"id":780,"date":"2023-08-23T04:08:18","date_gmt":"2023-08-23T04:08:18","guid":{"rendered":"https:\/\/vistatravelclub.com\/?page_id=780"},"modified":"2023-12-05T18:27:00","modified_gmt":"2023-12-05T18:27:00","slug":"politica-de-reembolso","status":"publish","type":"page","link":"https:\/\/vistatravelclub.com\/en\/refund-policy\/","title":{"rendered":"Refund Policy"},"content":{"rendered":"<div data-elementor-type=\"wp-page\" data-elementor-id=\"780\" class=\"elementor elementor-780\" data-elementor-post-type=\"page\">\n\t\t\t\t\t\t<section class=\"elementor-section elementor-top-section elementor-element elementor-element-ea93d9b elementor-section-boxed elementor-section-height-default elementor-section-height-default\" data-id=\"ea93d9b\" data-element_type=\"section\">\n\t\t\t\t\t\t<div class=\"elementor-container elementor-column-gap-default\">\n\t\t\t\t\t<div class=\"elementor-column elementor-col-100 elementor-top-column elementor-element elementor-element-8cf66e2\" data-id=\"8cf66e2\" data-element_type=\"column\" data-settings=\"{&quot;background_background&quot;:&quot;gradient&quot;}\">\n\t\t\t<div class=\"elementor-widget-wrap elementor-element-populated\">\n\t\t\t\t\t\t<div class=\"elementor-element elementor-element-3c112cb elementor-invisible elementor-widget elementor-widget-heading\" data-id=\"3c112cb\" data-element_type=\"widget\" data-settings=\"{&quot;_animation&quot;:&quot;fadeInDown&quot;}\" data-widget_type=\"heading.default\">\n\t\t\t\t<div class=\"elementor-widget-container\">\n\t\t\t\t\t<h1 class=\"elementor-heading-title elementor-size-default\">Refund Policy<\/h1>\t\t\t\t<\/div>\n\t\t\t\t<\/div>\n\t\t\t\t\t<\/div>\n\t\t<\/div>\n\t\t\t\t\t<\/div>\n\t\t<\/section>\n\t\t\t\t<section class=\"elementor-section elementor-top-section elementor-element elementor-element-676e2aa elementor-section-boxed elementor-section-height-default elementor-section-height-default\" data-id=\"676e2aa\" data-element_type=\"section\" data-settings=\"{&quot;background_background&quot;:&quot;classic&quot;}\">\n\t\t\t\t\t\t\t<div class=\"elementor-background-overlay\"><\/div>\n\t\t\t\t\t\t\t<div class=\"elementor-container elementor-column-gap-default\">\n\t\t\t\t\t<div class=\"elementor-column elementor-col-100 elementor-top-column elementor-element elementor-element-e4bb171\" data-id=\"e4bb171\" data-element_type=\"column\">\n\t\t\t<div class=\"elementor-widget-wrap elementor-element-populated\">\n\t\t\t\t\t\t<div class=\"elementor-element elementor-element-9b85903 translation-block elementor-widget elementor-widget-text-editor\" data-id=\"9b85903\" data-element_type=\"widget\" data-widget_type=\"text-editor.default\">\n\t\t\t\t<div class=\"elementor-widget-container\">\n\t\t\t\t\t\t\t\t\t<p class=\"p1\">\u00daltima actualizaci\u00f3n: 19 de octubre del 2023.<\/p><p class=\"p1\">Vista Travel Club trabaja arduamente para satisfacer a los clientes y brindarles experiencias de viaje excepcionales. Deseamos ofrecer un procedimiento de devoluci\u00f3n transparente y justo a nuestros estimados clientes, ya que entendemos que los planes a veces cambian. Los t\u00e9rminos y condiciones para obtener reembolsos por reservas realizadas a trav\u00e9s de nuestro sitio web se establecen en esta pol\u00edtica de reembolso.<\/p><p class=\"p3\"><span class=\"s1\">Elegibilidad para Cancelaci\u00f3n y Reembolso<\/span><\/p><ol class=\"ol1\"><li class=\"li1\"><b>Vuelos: <\/b>Dependiendo de las limitaciones de la aerol\u00ednea, diferentes reservas de vuelos son elegibles para reembolsos. Si bien algunos vuelos no tienen pol\u00edtica de devoluciones, otros permiten cancelaciones con reembolso total o parcial. Es fundamental revisar las pol\u00edticas de cancelaci\u00f3n y reembolso de cada aerol\u00ednea antes de realizar una reserva.<\/li><li class=\"li1\"><b>Hoteles: <\/b>Las pol\u00edticas de cancelaci\u00f3n y reembolso del hotel pueden variar seg\u00fan el establecimiento. A menudo se permiten reembolsos si las cancelaciones se env\u00edan dentro del plazo especificado por el hotel. Al importe del reembolso se le descontar\u00e1n las penalizaciones o tasas impuestas por el hotel.<\/li><li class=\"li1\"><b>Tours y Paquetes: <\/b>Dependiendo del itinerario y los proveedores involucrados, las pol\u00edticas de cancelaci\u00f3n y reembolso para reservas de tours y paquetes pueden variar. La elegibilidad para un reembolso depender\u00e1 de los detalles del viaje o paquete, as\u00ed como del per\u00edodo de cancelaci\u00f3n.<\/li><\/ol><p class=\"p3\"><span class=\"s1\">Proceso de reembolso<\/span><\/p><ol class=\"ol1\"><li class=\"li1\">Para obtener un reembolso, los consumidores deben enviarnos un correo electr\u00f3nico a la direcci\u00f3n indicada en la secci\u00f3n de Contacto<span class=\"s3\">]<\/span>. La solicitud de cancelaci\u00f3n debe contener la referencia de la reserva, el nombre del viajero y una explicaci\u00f3n del motivo de la cancelaci\u00f3n.<\/li><li class=\"li1\">Seg\u00fan los t\u00e9rminos y circunstancias aplicables, nuestro personal de atenci\u00f3n al cliente verificar\u00e1 los datos de la reserva y analizar\u00e1 la elegibilidad para el reembolso. Se notificar\u00e1 a los clientes el monto de su reembolso, as\u00ed como cualquier tarifa o penalizaci\u00f3n relevante.<\/li><li class=\"li1\">Los reembolsos se emitir\u00e1n utilizando el mismo m\u00e9todo de pago que se utiliz\u00f3 para realizar la reserva. Los plazos de procesamiento de reembolsos pueden diferir seg\u00fan la fuente de pago y los retrasos en el procesamiento bancario.<\/li><\/ol><p class=\"p3\"><span class=\"s1\">Tarifas no Reembolsables<\/span><\/p><ol class=\"ol1\"><li class=\"li1\">Es posible que algunas reservas, como las tarifas reducidas o promocionales, no sean reembolsables. En tales casos, no se otorgar\u00e1 ning\u00fan reembolso tras la cancelaci\u00f3n.<\/li><li class=\"li1\">Los costos de servicio, tarifas de reserva o tarifas administrativas relevantes no son reembolsables, a menos que se indique lo contrario en situaciones espec\u00edficas.<\/li><\/ol><p class=\"p3\"><span class=\"s1\">Caso de Fuerza Mayor<\/span><\/p><p class=\"p1\">En casos de circunstancias imprevistas fuera de nuestro control, como desastres naturales, disturbios pol\u00edticos o huelgas de aerol\u00edneas, la elegibilidad para el reembolso estar\u00e1 sujeta a las pol\u00edticas de los proveedores de servicios espec\u00edficos (aerol\u00edneas, hoteles, etc.). En estas situaciones, ayudaremos a los clientes que soliciten reembolsos de la mejor manera posible.<\/p><p class=\"p3\"><span class=\"s1\">Modificaciones y Cambios<\/span><\/p><p class=\"p1\">Los clientes pueden ponerse en contacto con nuestros representantes de atenci\u00f3n al cliente para modificar sus reservas. Dependiendo de las modificaciones deseadas, es posible que se requieran tarifas o cargos adicionales. Cualquier cambio de tarifa o precio se divulgar\u00e1 y manejar\u00e1 apropiadamente.<\/p><p class=\"p3\"><span class=\"s1\">Reembolsos de Servicios no utilizados<\/span><\/p><p class=\"p1\">Salvo que la cancelaci\u00f3n se deba a circunstancias cubiertas por el seguro de viaje incluido en la reserva, no habr\u00e1 reembolsos por servicios utilizados, como p\u00e9rdida de vuelos, excursiones o habitaciones de hotel.<\/p><p class=\"p1\">Al hacer una reserva con Vista Travel Club, los clientes reconocen y aceptan los t\u00e9rminos y condiciones de nuestra pol\u00edtica de devoluciones.<\/p><p class=\"p1\">Tenga en cuenta que esta pol\u00edtica de reembolso est\u00e1 sujeta a cambios en cualquier momento sin previo aviso. Esta pol\u00edtica debe revisarse antes de realizar una reserva.\u00a0<\/p>\t\t\t\t\t\t\t\t<\/div>\n\t\t\t\t<\/div>\n\t\t\t\t<div class=\"elementor-element elementor-element-7ba6760 translation-block elementor-widget elementor-widget-text-editor\" data-id=\"7ba6760\" data-element_type=\"widget\" data-widget_type=\"text-editor.default\">\n\t\t\t\t<div class=\"elementor-widget-container\">\n\t\t\t\t\t\t\t\t\t<h5 class=\"p1\"><span class=\"s1\">Cont\u00e1ctenos<\/span><\/h5><p class=\"p2\">Si tiene alguna pregunta sobre esta Pol\u00edtica de Privacidad, puede contactarnos en:<\/p><p class=\"p3\">Direcci\u00f3n: Ciudad de M\u00e9xico, M\u00e9xico.\u00a0<\/p><p class=\"p4\">Correo electr\u00f3nico: <a class=\"c-link\" href=\"mailto:newtravel@vistatravelclub.com\" target=\"_blank\" rel=\"noopener noreferrer\" data-stringify-link=\"mailto:newtravel@vistatravelclub.com\" data-sk=\"tooltip_parent\" aria-haspopup=\"menu\">newtravel@vistatravelclub.com<\/a><\/p>\t\t\t\t\t\t\t\t<\/div>\n\t\t\t\t<\/div>\n\t\t\t\t\t<\/div>\n\t\t<\/div>\n\t\t\t\t\t<\/div>\n\t\t<\/section>\n\t\t\t\t<\/div>","protected":false},"excerpt":{"rendered":"<p>\u00daltima actualizaci\u00f3n: 19 de octubre del 2023. Vista Travel Club trabaja arduamente para satisfacer a los clientes y brindarles experiencias de viaje excepcionales. Deseamos ofrecer un procedimiento de devoluci\u00f3n transparente y justo a nuestros estimados clientes, ya que entendemos que los planes a veces cambian. Los t\u00e9rminos y condiciones para obtener reembolsos por reservas realizadas [&hellip;]<\/p>","protected":false},"author":2,"featured_media":0,"parent":0,"menu_order":0,"comment_status":"closed","ping_status":"closed","template":"","meta":{"footnotes":""},"class_list":["post-780","page","type-page","status-publish","hentry"],"_links":{"self":[{"href":"https:\/\/vistatravelclub.com\/en\/wp-json\/wp\/v2\/pages\/780","targetHints":{"allow":["GET"]}}],"collection":[{"href":"https:\/\/vistatravelclub.com\/en\/wp-json\/wp\/v2\/pages"}],"about":[{"href":"https:\/\/vistatravelclub.com\/en\/wp-json\/wp\/v2\/types\/page"}],"author":[{"embeddable":true,"href":"https:\/\/vistatravelclub.com\/en\/wp-json\/wp\/v2\/users\/2"}],"replies":[{"embeddable":true,"href":"https:\/\/vistatravelclub.com\/en\/wp-json\/wp\/v2\/comments?post=780"}],"version-history":[{"count":41,"href":"https:\/\/vistatravelclub.com\/en\/wp-json\/wp\/v2\/pages\/780\/revisions"}],"predecessor-version":[{"id":3529,"href":"https:\/\/vistatravelclub.com\/en\/wp-json\/wp\/v2\/pages\/780\/revisions\/3529"}],"wp:attachment":[{"href":"https:\/\/vistatravelclub.com\/en\/wp-json\/wp\/v2\/media?parent=780"}],"curies":[{"name":"wp","href":"https:\/\/api.w.org\/{rel}","templated":true}]}}