{"id":774,"date":"2023-08-23T04:05:45","date_gmt":"2023-08-23T04:05:45","guid":{"rendered":"https:\/\/vistatravelclub.com\/?page_id=774"},"modified":"2023-12-05T18:25:43","modified_gmt":"2023-12-05T18:25:43","slug":"terminos-y-condiciones","status":"publish","type":"page","link":"https:\/\/vistatravelclub.com\/en\/terms-and-conditions\/","title":{"rendered":"Terms and Conditions"},"content":{"rendered":"<div data-elementor-type=\"wp-page\" data-elementor-id=\"774\" class=\"elementor elementor-774\" data-elementor-post-type=\"page\">\n\t\t\t\t\t\t<section class=\"elementor-section elementor-top-section elementor-element elementor-element-14201b9 elementor-section-boxed elementor-section-height-default elementor-section-height-default\" data-id=\"14201b9\" data-element_type=\"section\">\n\t\t\t\t\t\t<div class=\"elementor-container elementor-column-gap-default\">\n\t\t\t\t\t<div class=\"elementor-column elementor-col-100 elementor-top-column elementor-element elementor-element-b8679d2\" data-id=\"b8679d2\" data-element_type=\"column\" data-settings=\"{&quot;background_background&quot;:&quot;gradient&quot;}\">\n\t\t\t<div class=\"elementor-widget-wrap elementor-element-populated\">\n\t\t\t\t\t\t<div class=\"elementor-element elementor-element-c00ce0d elementor-invisible elementor-widget elementor-widget-heading\" data-id=\"c00ce0d\" data-element_type=\"widget\" data-settings=\"{&quot;_animation&quot;:&quot;fadeInDown&quot;}\" data-widget_type=\"heading.default\">\n\t\t\t\t<div class=\"elementor-widget-container\">\n\t\t\t\t\t<h1 class=\"elementor-heading-title elementor-size-default\">Terms and Conditions<\/h1>\t\t\t\t<\/div>\n\t\t\t\t<\/div>\n\t\t\t\t\t<\/div>\n\t\t<\/div>\n\t\t\t\t\t<\/div>\n\t\t<\/section>\n\t\t\t\t<section class=\"elementor-section elementor-top-section elementor-element elementor-element-ccb113d elementor-section-boxed elementor-section-height-default elementor-section-height-default\" data-id=\"ccb113d\" data-element_type=\"section\" data-settings=\"{&quot;background_background&quot;:&quot;classic&quot;}\">\n\t\t\t\t\t\t\t<div class=\"elementor-background-overlay\"><\/div>\n\t\t\t\t\t\t\t<div class=\"elementor-container elementor-column-gap-default\">\n\t\t\t\t\t<div class=\"elementor-column elementor-col-100 elementor-top-column elementor-element elementor-element-667e6a9\" data-id=\"667e6a9\" data-element_type=\"column\">\n\t\t\t<div class=\"elementor-widget-wrap elementor-element-populated\">\n\t\t\t\t\t\t<div class=\"elementor-element elementor-element-492de1c translation-block elementor-widget elementor-widget-text-editor\" data-id=\"492de1c\" data-element_type=\"widget\" data-widget_type=\"text-editor.default\">\n\t\t\t\t<div class=\"elementor-widget-container\">\n\t\t\t\t\t\t\t\t\t<p class=\"p1\">\u00daltima actualizaci\u00f3n: 19 de octubre del 2023.<\/p><p class=\"p1\">Los clientes pueden buscar, encontrar y reservar experiencias de viaje en todo el mundo utilizando un servicio propiedad y administrado por Vista Travel Club. En esta declaraci\u00f3n, se hace referencia a ellos como nuestros &#8220;Servicios&#8221; en su conjunto.<\/p><p class=\"p1\">Su informaci\u00f3n y la de otras personas que recibimos nos ayuda a brindar servicios m\u00e1s valiosos, personalizados y pertinentes. Somos conscientes de que de esa confianza depende su voluntad de confiarnos su informaci\u00f3n personal. Seg\u00fan la informaci\u00f3n que nos ha proporcionado, nos comprometemos a brindarle informaci\u00f3n, productos y servicios \u00fatiles porque apreciamos su confianza en nosotros. Estamos igualmente comprometidos a preservar su privacidad, ya sea que visite nuestro sitio web o utilice nuestros Servicios, as\u00ed como a ser transparentes sobre c\u00f3mo utilizamos la informaci\u00f3n que nos ha confiado. Posiblemente, esto sea incluso m\u00e1s importante. Para obtener m\u00e1s informaci\u00f3n sobre nuestras pr\u00e1cticas de privacidad, lea atentamente nuestra &#8220;Declaraci\u00f3n de Privacidad y Cookies&#8221;.<\/p><p class=\"p1\">Esta Declaraci\u00f3n describe nuestras pr\u00e1cticas para recopilar, usar y manejar su informaci\u00f3n, con el objetivo de ser claras y honestas. Le explica sus derechos legales, c\u00f3mo ejercerlos y c\u00f3mo ponerse en contacto con nosotros. Para comprender mejor nuestras pr\u00e1cticas de informaci\u00f3n y privacidad, lea atentamente esta Declaraci\u00f3n. Usted reconoce y afirma que ha le\u00eddo esta Declaraci\u00f3n al visitar nuestro sitio web y nuestra aplicaci\u00f3n m\u00f3vil, ya sea en una computadora, tel\u00e9fono, tableta u otro dispositivo comparable (cada uno de ellos denominado &#8220;dispositivo&#8221;).<\/p><p class=\"p1\">Nuestros servicios sirven a usuarios de una variedad de pa\u00edses y territorios donde las leyes y costumbres difieren. Nuestras pol\u00edticas generales de privacidad se describen en esta Declaraci\u00f3n.<\/p><p class=\"p4\"><span class=\"s1\">Informaci\u00f3n Recopilada y Procesada<\/span><\/p><p class=\"p1\">Cuando accede o utiliza nuestros servicios, recopilamos y administramos informaci\u00f3n suya y sobre usted para presentarla de una manera m\u00e1s personalizada y pertinente. Algunos datos se recopilan pasivamente, por ejemplo, a trav\u00e9s de nuestros servidores, cookies u otras tecnolog\u00edas de seguimiento. Adem\u00e1s de usted, entidades asociadas, socios comerciales y otros terceros no afiliados, tambi\u00e9n obtenemos cierta informaci\u00f3n de estas fuentes. Estos sitios web de terceros pueden compartir informaci\u00f3n sobre su uso de su servicio con nosotros cuando utiliza nuestros Servicios al &#8220;hacer clic&#8221; en ellos o acceder a ellos a trav\u00e9s de nuestros Servicios. Nos reservamos el derecho de combinar cualquier informaci\u00f3n que recopilemos de sitios web externos con cualquier informaci\u00f3n que usted proporcione. Se podr\u00e1 recopilar informaci\u00f3n de los siguientes tipos:<\/p><ul class=\"ul1\"><li class=\"li1\">El nombre, el n\u00famero de tel\u00e9fono, las direcciones postales y de correo electr\u00f3nico son ejemplos de informaci\u00f3n de contacto.<\/li><li class=\"li1\">Informaci\u00f3n de pago y facturaci\u00f3n (incluido su n\u00famero de cuenta bancaria, n\u00famero de tarjeta de cr\u00e9dito, nombre del titular de la tarjeta, fecha de vencimiento, c\u00f3digo de autenticaci\u00f3n y direcci\u00f3n de facturaci\u00f3n).<\/li><li class=\"li1\">Documentaci\u00f3n para ayudar en el viaje y la planificaci\u00f3n, incluidos los documentos de verificaci\u00f3n de identificaci\u00f3n, si los proporciona usted.<\/li><li class=\"li1\">Contrase\u00f1a y nombre de usuario.<\/li><li class=\"li1\">Es posible que nos haya enviado fotos, rese\u00f1as, publicaciones en redes sociales o videos.<\/li><li class=\"li1\">Informaci\u00f3n del dispositivo, como cu\u00e1ndo utiliz\u00f3 nuestros Servicios e informaci\u00f3n del dispositivo (como direcci\u00f3n IP, software o navegador de Internet utilizado, idiomas elegidos, identificadores \u00fanicos de dispositivo e identificadores de publicidad).<\/li><li class=\"li1\">Actividades en l\u00ednea, como p\u00e1ginas visitadas, material visto y aplicaciones utilizadas.<\/li><li class=\"li1\">Historial de compras y reservas.<\/li><li class=\"li1\">Detalles sobre sus objetivos y preferencias de viajes y aventuras.<\/li><li class=\"li1\">Cuando se comunique con nuestro equipo de atenci\u00f3n al cliente, nos comunicaremos con usted mediante llamadas entrantes y salientes.<\/li><li class=\"li1\">Informaci\u00f3n que ha enviado a corporaciones de terceros para iniciar sesi\u00f3n en sitios de redes sociales. Contiene informaci\u00f3n de acceso p\u00fablico, como el nombre de una persona, su rango de edad y su direcci\u00f3n de correo electr\u00f3nico.<\/li><\/ul><p class=\"p1\">Si lo ha proporcionado, tambi\u00e9n podemos recopilar detalles sobre otros viajeros, incluidas sus direcciones de correo electr\u00f3nico y otros datos relevantes. Debe tener su consentimiento y asegurarse de que conozcan y est\u00e9n de acuerdo con c\u00f3mo usaremos su informaci\u00f3n personal (como se describe en esta Declaraci\u00f3n) si comparte informaci\u00f3n sobre otras personas con nosotros.<\/p><p class=\"p1\">Si ha indicado a su dispositivo que nos proporcione datos de ubicaci\u00f3n particulares a trav\u00e9s de su configuraci\u00f3n de privacidad, tambi\u00e9n podemos recopilar los tipos de informaci\u00f3n antes mencionados, adem\u00e1s de ellos.<\/p><p class=\"p4\"><span class=\"s1\">Usos y Finalidades de la Informaci\u00f3n<\/span><\/p><p class=\"p1\">Usamos informaci\u00f3n sobre usted en la mayor medida posible para brindarle contenido relevante y una experiencia personalizada cuando utiliza nuestros Servicios, incluso de las siguientes maneras:<\/p><p class=\"p1\"><b>Registro y otros contratos<\/b><\/p><ul class=\"ul1\"><li class=\"li1\">Registre y administre su cuenta, incluido permitirle el acceso y el uso de nuestros Servicios.<\/li><li class=\"li1\">Facilita tus reservas<\/li><li class=\"li1\">Procesar pagos o cr\u00e9ditos<\/li><li class=\"li1\">Hacerle ofertas promocionales que puedan incluir concursos, tarjetas de regalo, recompensas, reembolsos en efectivo y descuentos.<\/li><\/ul><p class=\"p1\"><b>Mejorar nuestros servicios<\/b><\/p><ul class=\"ul1\"><li class=\"li1\">Utilizar su informaci\u00f3n con fines anal\u00edticos y para permitirnos mejorar nuestros Servicios.<\/li><li class=\"li1\">Proporcionarle una experiencia personalizada u optimizada, agrupando a los usuarios seg\u00fan, por ejemplo, el uso, los intereses y la demograf\u00eda.<\/li><li class=\"li1\">Enviarle encuestas o invitaciones para estudios de mercado.<\/li><\/ul><p class=\"p1\"><b>Individualizaci\u00f3n y personalizaci\u00f3n<\/b><\/p><ul class=\"ul1\"><li class=\"li1\">Notificarle sobre ofertas especiales, sorteos de premios, concursos y servicios disponibles de nosotros, nuestros afiliados o nuestros socios que puedan ser de su inter\u00e9s.<\/li><li class=\"li1\">Adapte su experiencia, incluso haciendo inferencias sobre sus intereses y preferencias en funci\u00f3n de su actividad, y personalice los anuncios que se le muestran tanto dentro como fuera de nuestro sitio web.<\/li><\/ul><p class=\"p1\"><b>Comunicaci\u00f3n<\/b><\/p><ul class=\"ul1\"><li class=\"li1\">Comunicarnos con usted o facilitar la comunicaci\u00f3n entre usted, nuestros socios y\/o afiliados.<\/li><li class=\"li1\">Realizar, monitorear y grabar sus llamadas o interacciones con nosotros; por ejemplo, sus comunicaciones con nuestro servicio de atenci\u00f3n al cliente o equipos de ventas, o mediante nuestro uso de p\u00edxeles y tecnolog\u00edas similares para monitorear c\u00f3mo interact\u00faa con los correos electr\u00f3nicos que le enviamos, como si abre o hace clic en el contenido de nuestros correos electr\u00f3nicos.<\/li><li class=\"li1\">Aloje sus rese\u00f1as, calificaciones, fotos, videos y otro contenido.<\/li><li class=\"li1\">Personalice su experiencia, incluida la personalizaci\u00f3n de los anuncios que se le muestran dentro y fuera de nuestro sitio web.<\/li><li class=\"li1\">Responder a tus preguntas y comentarios<\/li><\/ul><p class=\"p1\"><b>C\u00f3mplice legal<\/b><\/p><ul class=\"ul1\"><li class=\"li1\">Resolver disputas o solucionar problemas<\/li><li class=\"li1\">Prevenir el fraude y otras actividades potencialmente prohibidas o ilegales.<\/li><li class=\"li1\">Cumplir con las leyes pertinentes, responder a solicitudes legales, prevenir da\u00f1os y proteger nuestros derechos y los derechos de otros usuarios y terceros.<\/li><li class=\"li1\">Proporcionar servicios de pago, incluso para detectar y prevenir el lavado de dinero, el fraude y los incidentes de seguridad, para cumplir con obligaciones legales y hacer cumplir las condiciones de pago del servicio.<\/li><\/ul><p class=\"p1\">Tenga en cuenta que tomaremos las medidas adecuadas para preservar sus derechos y libertades, incluido su derecho a solicitar intervenci\u00f3n humana, si utilizamos la toma de decisiones automatizada para gestionar su informaci\u00f3n personal.<\/p><p class=\"p4\"><span class=\"s1\">Intercambio de Informaci\u00f3n<\/span><\/p><p class=\"p1\">En las siguientes situaciones, es posible que debamos compartir informaci\u00f3n con algunos terceros m\u00e1s, incluidos miembros de nuestro grupo de organizaciones, para poder proporcionar partes de nuestros Servicios:<\/p><p class=\"p1\"><b>Nuestro grupo de empresas. <\/b>Intercambiamos datos con empresas de nuestra familia corporativa, para que podamos alertarle sobre bienes y servicios, tanto relacionados con viajes como no, que puedan ser de su inter\u00e9s. Este intercambio tambi\u00e9n mejora nuestra comprensi\u00f3n de c\u00f3mo utiliza los sitios web, las aplicaciones y los servicios de las empresas de nuestro grupo. Estas empresas y sitios web aceptan cumplir con esta Declaraci\u00f3n y todas las leyes que puedan estar vigentes con respecto a la distribuci\u00f3n de materiales promocionales.<\/p><p class=\"p1\"><b>Viajeros y proveedores con experiencia previa. <\/b>Podr\u00edamos proporcionar a los proveedores de experiencias acceso a la informaci\u00f3n privada de los pasajeros, para que puedan realizar reservas realizadas a trav\u00e9s de nuestros Servicios. En caso de una disputa entre dos partes, tambi\u00e9n podemos proporcionar a los turistas informaci\u00f3n personal sobre los proveedores de experiencias.<\/p><p class=\"p1\"><b>Proveedores de servicios. <\/b>Compartimos informaci\u00f3n con algunos proveedores de servicios que nos ayudan a brindar nuestros Servicios, incluida la asistencia en transacciones.<\/p><p class=\"p1\"><b>Socios de negocio. <\/b>La informaci\u00f3n sobre usted, sus dispositivos y c\u00f3mo utiliza nuestros Servicios puede compartirse con nuestros socios comerciales de confianza. Por ejemplo, podr\u00edamos compartir datos para facilitar a los clientes el pago de los servicios que se ofrecen en los sitios web de nuestros socios. Sin embargo, tenga en cuenta que, si bien este intercambio se realiza a menudo en cumplimiento de acuerdos comerciales que contienen obligaciones de confidencialidad, privacidad y seguridad, no tenemos influencia sobre sus pol\u00edticas de privacidad.<\/p><p class=\"p1\"><b>P\u00e1ginas de redes sociales. <\/b>Cuando utiliza nuestros Servicios y elige compartir informaci\u00f3n con sitios web de redes sociales de terceros, las pol\u00edticas de privacidad y la configuraci\u00f3n de privacidad que haya elegido con esos sitios web de redes sociales regir\u00e1n la informaci\u00f3n que proporcione.<\/p><p class=\"p1\"><b>Empresas de detecci\u00f3n de fraude. <\/b>Los terceros pueden ayudarnos proporcion\u00e1ndonos sus herramientas de detecci\u00f3n de fraude.<\/p><p class=\"p1\"><b>Otros terceros, como sitios web de referencia. <\/b>El funcionamiento de algunas partes de nuestro sitio web o la asistencia para la difusi\u00f3n de publicidad en l\u00ednea relevante para sus intereses son solo algunos ejemplos de c\u00f3mo terceros pueden ayudarnos a recopilar informaci\u00f3n. Podr\u00edamos proporcionar a terceros acceso a segmentos de audiencia y otros datos, incluidas direcciones de correo electr\u00f3nico con hash, para que puedan personalizar anuncios para usted. Tambi\u00e9n podemos obtener asistencia de otros terceros en la creaci\u00f3n, gesti\u00f3n y alojamiento de materiales y contratos. Otras partes solo podr\u00e1n obtener o acceder a la informaci\u00f3n necesaria para llevar a cabo las tareas asignadas. Hemos exigido contractualmente a estos terceros que trabajen \u00fanicamente en nuestro nombre como &#8220;procesadores de datos&#8221; si y en la medida en que simplemente nos ayuden a llevar a cabo nuestras operaciones de procesamiento.<\/p><p class=\"p1\">Puede optar por no compartir su informaci\u00f3n con algunas partes, incluidas redes de publicidad, en algunas versiones del sistema operativo del dispositivo. Para desactivar la funci\u00f3n que recopila y comparte datos de ubicaci\u00f3n, siempre puede ajustar la configuraci\u00f3n de privacidad de su dispositivo. Verifique la configuraci\u00f3n de su dispositivo si desea restringir dicho monitoreo. Sin embargo, en algunos de los productos que ofrecemos, desactivar la opci\u00f3n de compartir ubicaci\u00f3n puede tener alg\u00fan efecto. Le recomendamos que obtenga ayuda del fabricante de su dispositivo o de su proveedor de servicios m\u00f3viles si tiene alguna dificultad con la configuraci\u00f3n de privacidad de su tel\u00e9fono inteligente.<\/p><p class=\"p1\">Adem\u00e1s, podemos divulgar su informaci\u00f3n si lo consideramos esencial, a nuestro exclusivo criterio:<\/p><p class=\"p1\">\u2022 Para establecer o llevar a cabo nuestros derechos legales, para defendernos contra reclamaciones legales o seg\u00fan lo exija la ley.<\/p><p class=\"p1\">\u2022 Para cumplir con citaciones legales, \u00f3rdenes judiciales u otros procesos legales. En tales circunstancias, nos reservamos el derecho de hacer, valer o renunciar a cualquier defensa legal que podamos tener.<\/p><p class=\"p1\">\u2022 Para proteger y defender Vista Travel Club, nuestros clientes o los derechos, la propiedad o la seguridad de otros, de acuerdo con nuestros T\u00e9rminos de uso y otros acuerdos.<\/p><p class=\"p1\">\u2022 Investigar, detener o tomar medidas en relaci\u00f3n con conductas ilegales o presuntamente ilegales.<\/p><p class=\"p1\">\u2022 Durante una transacci\u00f3n de la empresa, como venta de activos, fusi\u00f3n, consolidaci\u00f3n o desinversi\u00f3n, o en circunstancias inusuales de quiebra.<\/p><p class=\"p4\"><span class=\"s1\">Selecciones de Informaci\u00f3n<\/span><\/p><p class=\"p1\">Tiene opciones sobre c\u00f3mo procesamos y utilizamos su informaci\u00f3n. Al visitar el \u00e1rea &#8220;Perfil&#8221; de nuestro sitio web o aplicaci\u00f3n, puede acceder, modificar e incluso eliminar su cuenta. Adem\u00e1s, puede lograr lo siguiente:<\/p><ul class=\"ul1\"><li class=\"li1\">Elija c\u00f3mo nos comunicamos con usted.<\/li><li class=\"li1\">Elija no brindarnos cierta informaci\u00f3n, incluso si puede ser necesaria para utilizar ciertas funciones en nuestro sitio web.<\/li><li class=\"li1\">Evite la recopilaci\u00f3n de cierta informaci\u00f3n de geolocalizaci\u00f3n (por ejemplo, desactivando los servicios de ubicaci\u00f3n para nuestra aplicaci\u00f3n en la configuraci\u00f3n de su tel\u00e9fono), pero tenga en cuenta que desactivar la ubicaci\u00f3n compartida puede da\u00f1ar ciertas funcionalidades de nuestros Servicios.<\/li><li class=\"li1\">Desactive su cuenta directamente desde su perfil. Podemos conservar cierta informaci\u00f3n sobre su cuenta (incluidas transacciones pasadas) para fines internos, como copias de seguridad, prevenci\u00f3n de fraude, resoluci\u00f3n de disputas, investigaciones, nuestros propios intereses comerciales leg\u00edtimos y cumplimiento legal durante el tiempo necesario para cumplir con los prop\u00f3sitos descritos en esta Declaraci\u00f3n.<\/li><li class=\"li1\">Como usuario registrado, puede cambiar su configuraci\u00f3n de marketing en el \u00e1rea de Notificaciones del sitio web.<\/li><li class=\"li1\">En cada correo electr\u00f3nico que enviamos, puede darse de baja de los correos promocionales, incluidos aquellos con ofertas relacionadas con viajes.<\/li><\/ul><p class=\"p4\"><span class=\"s1\">Informaci\u00f3n sobre Ni\u00f1os<\/span><\/p><p class=\"p1\">Nuestros Servicios no est\u00e1n destinados a menores, definidos como (i) personas de 13 a\u00f1os de edad o menos, o la edad de consentimiento de privacidad en su jurisdicci\u00f3n, o (ii) la edad de capacidad legal para celebrar un contrato al procesar datos en el base de un contrato.<\/p><p class=\"p1\">Solo recopilaremos o procesaremos informaci\u00f3n sobre menores en circunstancias extremadamente espec\u00edficas. Como parte de nuestro Servicio, es posible que estemos obligados a recopilar informaci\u00f3n personal de menores, por ejemplo, si la informaci\u00f3n personal es necesaria como parte de una reserva relacionada con una experiencia. Solo recopilaremos informaci\u00f3n personal de menores si un padre o tutor la env\u00eda y la autoriza. Si descubrimos que hemos procesado la informaci\u00f3n personal de un ni\u00f1o sin el consentimiento leg\u00edtimo de un padre o tutor, destruiremos la informaci\u00f3n.<\/p><p class=\"p4\"><span class=\"s1\">Transferencias de Informaci\u00f3n<\/span><\/p><p class=\"p1\">Brindamos nuestros Servicios a usuarios en una variedad de jurisdicciones. Si trasladamos su informaci\u00f3n a otro pa\u00eds, la usaremos y salvaguardaremos de conformidad con esta Declaraci\u00f3n y las leyes pertinentes.<\/p><p class=\"p4\"><span class=\"s1\">Seguridad de Informaci\u00f3n<\/span><\/p><p class=\"p1\">Hemos implementado procesos de seguridad administrativos, tecnol\u00f3gicos y f\u00edsicos adecuados para salvaguardar su informaci\u00f3n. Solo otorgamos acceso a informaci\u00f3n personal a determinadas personas, y solo pueden hacerlo para fines comerciales reconocidos. Al enviar su informaci\u00f3n entre su sistema y el nuestro, as\u00ed como entre nuestro sistema y los sistemas de las partes con quienes intercambiamos informaci\u00f3n, utilizamos cifrado. Para evitar el acceso no autorizado a sus datos, tambi\u00e9n empleamos firewalls y sistemas de detecci\u00f3n de intrusos. Sin embargo, no podemos garantizar la seguridad de la informaci\u00f3n contra el ingreso o uso no autorizado, fallas de hardware o software u otras razones fuera de nuestro control.<\/p><p class=\"p4\"><span class=\"s1\">Eliminaci\u00f3n y Retenci\u00f3n de Informaci\u00f3n<\/span><\/p><p class=\"p1\">A menos que la legislaci\u00f3n pertinente requiera un tiempo de retenci\u00f3n m\u00e1s prolongado, almacenaremos copias de su informaci\u00f3n mientras mantenga su cuenta o seg\u00fan sea necesario, para los fines indicados en esta Declaraci\u00f3n. Adem\u00e1s, podemos conservar su informaci\u00f3n durante el tiempo que sea necesario para establecer, ejercer o defender derechos legales.<\/p><p class=\"p4\"><span class=\"s1\">Cookies<\/span><\/p><p class=\"p1\">Queremos utilizar nuestros Servicios para que sean los m\u00e1s f\u00e1ciles, efectivos y rentables posibles para usted. Utilizamos cookies y tecnolog\u00edas asociadas para mejorar su experiencia de usuario, aumentar la seguridad del sitio web y ofrecer contenido publicitario que sea relevante para usted.<\/p><p class=\"p1\">Cuando visita casi cualquier sitio web, peque\u00f1os archivos de texto llamados cookies se transfieren a su computadora u otro dispositivo. Incluyen datos fundamentales sobre c\u00f3mo utiliza Internet y los conserva su navegador web. Su navegador env\u00eda los datos de estas cookies al sitio web cada vez que lo visita para que pueda reconocer su dispositivo y mejorar su experiencia, entre otras cosas, brind\u00e1ndole contenido personalizado. Existen otras t\u00e9cnicas de seguimiento que tienen capacidades iguales, como p\u00edxeles, SDK o registros del servidor. Para evitar que tenga que ingresar sus datos de inicio de sesi\u00f3n cada vez que utiliza nuestros Servicios y para comprender mejor sus preferencias, tambi\u00e9n empleamos cookies y tecnolog\u00edas de seguimiento.<\/p><p class=\"p1\">Le brindamos acceso a una herramienta de consentimiento de cookies que le permite personalizar la configuraci\u00f3n de sus cookies y obtener potencia adicional. Al hacer clic en el enlace &#8220;Consentimiento de cookies&#8221; en la parte inferior de cada p\u00e1gina, puede cambiar la configuraci\u00f3n de cookies en nuestro banner de cookies. Puede controlar las cookies accediendo a la configuraci\u00f3n de su navegador web. Al seleccionar el enlace &#8220;Consentimiento de cookies&#8221;, modificar su configuraci\u00f3n y guardarla, podr\u00e1 revocar en cualquier momento su consentimiento para el uso de cookies. En la configuraci\u00f3n de tu navegador de Internet podr\u00e1s decidir qu\u00e9 cookies permitir o rechazar.<\/p><p class=\"p1\">Su acceso a diversas funciones y \u00e1reas de nuestros Servicios puede verse limitado u obstaculizado si rechaza algunas cookies.<\/p><p class=\"p1\">Esta Declaraci\u00f3n, a la que se puede acceder en cada p\u00e1gina de nuestro sitio web, rige nuestro uso de cualquier informaci\u00f3n que recopilamos a trav\u00e9s de cookies.<\/p><p class=\"p4\"><span class=\"s1\">Variaciones de Declaraciones<\/span><\/p><p class=\"p1\">Podr\u00edamos actualizar esta Declaraci\u00f3n m\u00e1s adelante. Si determinamos que alg\u00fan cambio es significativo, se lo haremos saber envi\u00e1ndole cartas, publicando un aviso en el sitio web y\/o actualizando la Declaraci\u00f3n en l\u00ednea. En la parte superior, indicaremos cu\u00e1ndo se actualiz\u00f3 esta Declaraci\u00f3n por \u00faltima vez. Le recomendamos que consulte esta Declaraci\u00f3n con frecuencia para obtener actualizaciones sobre nuestras pr\u00e1cticas de privacidad y que regrese ocasionalmente para revisar la versi\u00f3n m\u00e1s reciente.<\/p>\t\t\t\t\t\t\t\t<\/div>\n\t\t\t\t<\/div>\n\t\t\t\t<div class=\"elementor-element elementor-element-8d53b14 translation-block elementor-widget elementor-widget-text-editor\" data-id=\"8d53b14\" data-element_type=\"widget\" data-widget_type=\"text-editor.default\">\n\t\t\t\t<div class=\"elementor-widget-container\">\n\t\t\t\t\t\t\t\t\t<h5 class=\"p1\"><span class=\"s1\">Cont\u00e1ctenos<\/span><\/h5><p class=\"p2\">Si tiene alguna pregunta sobre esta Pol\u00edtica de Privacidad, puede contactarnos en:<\/p><p class=\"p3\">Direcci\u00f3n: Ciudad de M\u00e9xico, M\u00e9xico.\u00a0<\/p><p class=\"p4\">Correo electr\u00f3nico: <a class=\"c-link\" href=\"mailto:newtravel@vistatravelclub.com\" target=\"_blank\" rel=\"noopener noreferrer\" data-stringify-link=\"mailto:newtravel@vistatravelclub.com\" data-sk=\"tooltip_parent\" aria-haspopup=\"menu\">newtravel@vistatravelclub.com<\/a><\/p>\t\t\t\t\t\t\t\t<\/div>\n\t\t\t\t<\/div>\n\t\t\t\t\t<\/div>\n\t\t<\/div>\n\t\t\t\t\t<\/div>\n\t\t<\/section>\n\t\t\t\t<\/div>","protected":false},"excerpt":{"rendered":"<p>\u00daltima actualizaci\u00f3n: 19 de octubre del 2023. Los clientes pueden buscar, encontrar y reservar experiencias de viaje en todo el mundo utilizando un servicio propiedad y administrado por Vista Travel Club. En esta declaraci\u00f3n, se hace referencia a ellos como nuestros &#8220;Servicios&#8221; en su conjunto. Su informaci\u00f3n y la de otras personas que recibimos nos [&hellip;]<\/p>","protected":false},"author":2,"featured_media":0,"parent":0,"menu_order":0,"comment_status":"closed","ping_status":"closed","template":"","meta":{"footnotes":""},"class_list":["post-774","page","type-page","status-publish","hentry"],"_links":{"self":[{"href":"https:\/\/vistatravelclub.com\/en\/wp-json\/wp\/v2\/pages\/774","targetHints":{"allow":["GET"]}}],"collection":[{"href":"https:\/\/vistatravelclub.com\/en\/wp-json\/wp\/v2\/pages"}],"about":[{"href":"https:\/\/vistatravelclub.com\/en\/wp-json\/wp\/v2\/types\/page"}],"author":[{"embeddable":true,"href":"https:\/\/vistatravelclub.com\/en\/wp-json\/wp\/v2\/users\/2"}],"replies":[{"embeddable":true,"href":"https:\/\/vistatravelclub.com\/en\/wp-json\/wp\/v2\/comments?post=774"}],"version-history":[{"count":45,"href":"https:\/\/vistatravelclub.com\/en\/wp-json\/wp\/v2\/pages\/774\/revisions"}],"predecessor-version":[{"id":3523,"href":"https:\/\/vistatravelclub.com\/en\/wp-json\/wp\/v2\/pages\/774\/revisions\/3523"}],"wp:attachment":[{"href":"https:\/\/vistatravelclub.com\/en\/wp-json\/wp\/v2\/media?parent=774"}],"curies":[{"name":"wp","href":"https:\/\/api.w.org\/{rel}","templated":true}]}}