{"id":3,"date":"2023-08-04T14:03:17","date_gmt":"2023-08-04T14:03:17","guid":{"rendered":"https:\/\/vistatravelclub.com\/?page_id=3"},"modified":"2023-12-05T18:25:40","modified_gmt":"2023-12-05T18:25:40","slug":"politica-de-privacidad","status":"publish","type":"page","link":"https:\/\/vistatravelclub.com\/en\/privacy-policy\/","title":{"rendered":"Privacy policy"},"content":{"rendered":"<div data-elementor-type=\"wp-page\" data-elementor-id=\"3\" class=\"elementor elementor-3\" data-elementor-post-type=\"page\">\n\t\t\t\t\t\t<section class=\"elementor-section elementor-top-section elementor-element elementor-element-3866d4d elementor-section-boxed elementor-section-height-default elementor-section-height-default\" data-id=\"3866d4d\" data-element_type=\"section\">\n\t\t\t\t\t\t<div class=\"elementor-container elementor-column-gap-default\">\n\t\t\t\t\t<div class=\"elementor-column elementor-col-100 elementor-top-column elementor-element elementor-element-092c758\" data-id=\"092c758\" data-element_type=\"column\" data-settings=\"{&quot;background_background&quot;:&quot;gradient&quot;}\">\n\t\t\t<div class=\"elementor-widget-wrap elementor-element-populated\">\n\t\t\t\t\t\t<div class=\"elementor-element elementor-element-085d247 elementor-invisible elementor-widget elementor-widget-heading\" data-id=\"085d247\" data-element_type=\"widget\" data-settings=\"{&quot;_animation&quot;:&quot;fadeInDown&quot;}\" data-widget_type=\"heading.default\">\n\t\t\t\t<div class=\"elementor-widget-container\">\n\t\t\t\t\t<h1 class=\"elementor-heading-title elementor-size-default\">Privacy policy<\/h1>\t\t\t\t<\/div>\n\t\t\t\t<\/div>\n\t\t\t\t\t<\/div>\n\t\t<\/div>\n\t\t\t\t\t<\/div>\n\t\t<\/section>\n\t\t\t\t<section class=\"elementor-section elementor-top-section elementor-element elementor-element-fb42827 elementor-section-boxed elementor-section-height-default elementor-section-height-default\" data-id=\"fb42827\" data-element_type=\"section\" data-settings=\"{&quot;background_background&quot;:&quot;classic&quot;}\">\n\t\t\t\t\t\t\t<div class=\"elementor-background-overlay\"><\/div>\n\t\t\t\t\t\t\t<div class=\"elementor-container elementor-column-gap-default\">\n\t\t\t\t\t<div class=\"elementor-column elementor-col-100 elementor-top-column elementor-element elementor-element-2002e79\" data-id=\"2002e79\" data-element_type=\"column\">\n\t\t\t<div class=\"elementor-widget-wrap elementor-element-populated\">\n\t\t\t\t\t\t<div class=\"elementor-element elementor-element-215597a3 translation-block elementor-widget elementor-widget-text-editor\" data-id=\"215597a3\" data-element_type=\"widget\" data-widget_type=\"text-editor.default\">\n\t\t\t\t<div class=\"elementor-widget-container\">\n\t\t\t\t\t\t\t\t\t<p class=\"p1\">\u00daltima actualizaci\u00f3n: 19 de octubre del 2023.<\/p><p class=\"p1\">Esta Pol\u00edtica de Privacidad le informa sobre Sus derechos de privacidad y las leyes que los protegen, as\u00ed como Nuestras pol\u00edticas y pr\u00e1cticas para la recopilaci\u00f3n, el uso y el intercambio de Su informaci\u00f3n cuando utiliza el Servicio.<\/p><p class=\"p1\">El Servicio se proporciona y mejora mediante el uso de Sus datos personales. Al utilizar el Servicio, usted acepta la recopilaci\u00f3n y el uso de su informaci\u00f3n seg\u00fan esta Pol\u00edtica de Privacidad.<\/p><p class=\"p3\"><span class=\"s1\">Interpretaci\u00f3n y Definiciones<\/span><\/p><p class=\"p4\"><b>Interpretaci\u00f3n<\/b><\/p><p class=\"p1\">Las palabras en las que la letra inicial est\u00e1 en may\u00fascula tienen significados definidos bajo las siguientes condiciones: Las siguientes definiciones tendr\u00e1n el mismo significado, independientemente de que aparezcan en singular o plural.<\/p><p class=\"p4\"><b>Definiciones<\/b><\/p><p class=\"p1\">Para los efectos de esta Pol\u00edtica de Privacidad:<\/p><p class=\"p5\"><b>Cuenta <\/b>significa una cuenta \u00fanica creada para que Usted pueda acceder a nuestro Servicio o partes de nuestro Servicio.<\/p><p class=\"p5\"><b>Afiliado <\/b>significa una entidad que controla, est\u00e1 controlada por, est\u00e1 controlada por o est\u00e1 bajo control com\u00fan con un partido, donde &#8220;control&#8221; implica la propiedad del 50% o m\u00e1s de las acciones, participaci\u00f3n accionaria u otros valores elegibles para votar en las elecciones. de directores u otra autoridad de gobierno.<\/p><p class=\"p5\"><b>Compa\u00f1\u00eda<\/b>(denominada &#8220;la Compa\u00f1\u00eda&#8221;, &#8220;Nosotros&#8221;, &#8220;Nos&#8221; o &#8220;Nuestro&#8221; en este acuerdo) se refiere a Vista Travel Club, Ciudad de M\u00e9xico.<\/p><p class=\"p5\"><b>Cookies <\/b>son peque\u00f1os archivos que un sitio web coloca en su computadora, dispositivo m\u00f3vil o cualquier otro dispositivo y contienen los detalles de su historial de navegaci\u00f3n en ese sitio web, entre sus muchos usos.<\/p><p class=\"p5\"><b>Pa\u00eds <\/b>se refiere a: M\u00e9xico<\/p><p class=\"p5\"><b>Dispositivo <\/b>significa cualquier dispositivo que pueda acceder al servicio, como una computadora, un tel\u00e9fono celular o una tableta digital.<\/p><p class=\"p5\"><b>Informaci\u00f3n personal<\/b>es cualquier informaci\u00f3n que se relaciona con un individuo identificado o identificable.<\/p><p class=\"p5\"><b>Servicio<\/b>s e refiere al sitio web.<\/p><p class=\"p5\"><b>Proveedor de servicio <\/b>significa cualquier persona f\u00edsica o jur\u00eddica que procese datos por cuenta de la Empresa. Se refiere a empresas de terceros o personas contratadas por la Compa\u00f1\u00eda para habilitar el Servicio, brindar el Servicio en su nombre, brindar servicios relacionados con el Servicio o ayudar a la Compa\u00f1\u00eda a evaluar c\u00f3mo se utiliza el Servicio.<\/p><p class=\"p5\"><b>Datos de uso <\/b>se refiere a datos recopilados autom\u00e1ticamente, ya sean generados por el uso del Servicio o por la propia infraestructura del Servicio (por ejemplo, la duraci\u00f3n de una visita a una p\u00e1gina).<\/p><p class=\"p5\"><b>Sitio web <\/b>se refiere a Vista Club Travel, accesible envistatravelclub.com o vistatravelclub.net.<\/p><p class=\"p5\"><b>Usted <\/b>significa la persona que accede o utiliza el Servicio, o la corporaci\u00f3n u otra entidad legal en cuyo nombre dicha persona accede o utiliza el Servicio, seg\u00fan corresponda. Recopilaci\u00f3n y uso de sus datos personales.<\/p><p class=\"p6\"><b>Tipos de datos recopilados<\/b><\/p><p class=\"p7\"><b>Informaci\u00f3n personal<\/b><\/p><p class=\"p1\">Al utilizar nuestro servicio, podemos pedirle que nos proporcione cierta informaci\u00f3n de identificaci\u00f3n personal que pueda usarse para contactarlo o identificarlo. La informaci\u00f3n de identificaci\u00f3n personal puede incluir, entre otras:<\/p><p class=\"p5\">Direcci\u00f3n de correo electr\u00f3nico<\/p><p class=\"p5\">Nombre y apellido<\/p><p class=\"p5\">N\u00famero de tel\u00e9fono<\/p><p class=\"p5\">Direcci\u00f3n, Estado, Provincia, C\u00f3digo Postal, Ciudad<\/p><p class=\"p5\">Datos de uso<\/p><p class=\"p7\"><b>Datos de uso<\/b><\/p><p class=\"p1\">Cuando utiliza el Servicio, los Datos de uso se recopilan autom\u00e1ticamente.<\/p><p class=\"p1\">Los datos de uso pueden incluir la direcci\u00f3n de protocolo de Internet de su dispositivo (por ejemplo, direcci\u00f3n IP), el tipo de navegador, la versi\u00f3n del navegador, las p\u00e1ginas de nuestro Servicio que visita, la hora y fecha de su visita, el tiempo dedicado a esas p\u00e1ginas, identificadores \u00fanicos de dispositivo y otros datos de diagn\u00f3stico.<\/p><p class=\"p1\">Podemos recopilar cierta informaci\u00f3n autom\u00e1ticamente cuando accede al Servicio a trav\u00e9s de un dispositivo m\u00f3vil, incluido, entre otros, el tipo de dispositivo m\u00f3vil que utiliza, la identificaci\u00f3n \u00fanica de su dispositivo m\u00f3vil, la direcci\u00f3n IP de su dispositivo m\u00f3vil, su sistema operativo m\u00f3vil, el tipo de navegador de Internet m\u00f3vil que utiliza, identificadores \u00fanicos de dispositivo y otros datos de diagn\u00f3stico.<\/p><p class=\"p1\">Tambi\u00e9n podemos recopilar informaci\u00f3n que su navegador env\u00eda cada vez que visita nuestro Servicio o cuando accede al servicio a trav\u00e9s de un dispositivo m\u00f3vil.<\/p><p class=\"p7\"><b>Tecnolog\u00edas de seguimiento y cookies<\/b><\/p><p class=\"p1\">Utilizamos cookies y otras tecnolog\u00edas de seguimiento para monitorear y almacenar actividades en Nuestro Servicio. Las balizas, etiquetas y scripts son tecnolog\u00edas de seguimiento que se utilizan para recopilar y monitorear informaci\u00f3n con el fin de mejorar y evaluar Nuestro Servicio. Podemos emplear las siguientes tecnolog\u00edas:<\/p><ul class=\"ul1\"><li class=\"li1\"><b>Cookies o cookies del navegador. <\/b>Una cookie es un peque\u00f1o archivo colocado en su dispositivo. Puede indicarle a su navegador que rechace todas las cookies o que indique cu\u00e1ndo se env\u00eda una cookie. Sin embargo, si no acepta las cookies, es posible que no pueda utilizar algunas partes de nuestro Servicio. A menos que haya ajustado la configuraci\u00f3n de su navegador para que rechace cookies, nuestro Servicio puede utilizar cookies.<\/li><li class=\"li1\"><b>Balizas web. <\/b>Ciertas secciones de nuestro Servicio y correos electr\u00f3nicos pueden contener peque\u00f1os archivos electr\u00f3nicos conocidos como balizas web (tambi\u00e9n conocidos como GIF transparentes, etiquetas de p\u00edxel y obsequios de un solo p\u00edxel) que permiten a la Compa\u00f1\u00eda contar los usuarios que visitaron esas p\u00e1ginas o abrieron un correo electr\u00f3nico, como as\u00ed como para otras estad\u00edsticas relacionadas con el sitio web (como registrar la popularidad de una secci\u00f3n espec\u00edfica y verificar la integridad del sistema y del servidor).<\/li><\/ul><p class=\"p1\">Las cookies pueden ser de naturaleza &#8220;persistente&#8221; o de &#8220;sesi\u00f3n&#8221;. Cuando se desconecta, las cookies persistentes permanecen en su computadora o dispositivo m\u00f3vil, pero las cookies de sesi\u00f3n se eliminan tan pronto como sale de su navegador web. Obtenga m\u00e1s informaci\u00f3n sobre las cookies en la p\u00e1gina del sitio web de Pol\u00edticas de Privacidad.<\/p><p class=\"p1\">Utilizamos cookies de sesi\u00f3n y permanentes para los siguientes fines:<\/p><p class=\"p5\"><b>Cookies necesarias o esenciales<\/b><\/p><p class=\"p5\">Tipo: Cookies de sesi\u00f3n<\/p><p class=\"p5\">Administrado por: Nosotros<\/p><p class=\"p5\">Prop\u00f3sito: Estas cookies son esenciales para brindarle los servicios disponibles a trav\u00e9s del sitio web y permitirle utilizar algunas de sus funciones. Ayudan a autenticar a los usuarios y evitar el uso fraudulento de cuentas de usuario. Sin estas Cookies, no se pueden proporcionar los servicios que ha solicitado y solo utilizamos estas Cookies para brindarle esos servicios.<\/p><p class=\"p5\"><b>Pol\u00edtica de Cookies \/ Aviso de Aceptaci\u00f3n de Cookies<\/b><\/p><p class=\"p5\">Tipo: Cookies persistentes<\/p><p class=\"p5\">Administrado por: Nosotros<\/p><p class=\"p5\">Finalidad: Estas Cookies identifican si los usuarios han aceptado el uso de cookies en el sitio web.<\/p><p class=\"p5\"><b>Cookies de funcionalidad<\/b><\/p><p class=\"p5\">Tipo: Cookies persistentes<\/p><p class=\"p5\">Administrado por: Nosotros<\/p><p class=\"p5\">Prop\u00f3sito: Estas cookies nos permiten recordar las elecciones que realiza cuando utiliza el sitio web, como sus datos de inicio de sesi\u00f3n o su preferencia de idioma. El prop\u00f3sito de estas Cookies es brindarle una experiencia m\u00e1s personal y evitar tener que volver a ingresar sus preferencias cada vez que utiliza el sitio web.<\/p><p class=\"p1\">Para obtener m\u00e1s informaci\u00f3n sobre las cookies que utilizamos y sus opciones con respecto a las cookies, visite nuestra Pol\u00edtica de Cookies o la secci\u00f3n de Cookies de nuestra Pol\u00edtica de Privacidad.<\/p><p class=\"p4\"><b>Uso de sus datos personales<\/b><\/p><p class=\"p1\">La Compa\u00f1\u00eda podr\u00e1 utilizar Datos Personales para los siguientes fines:<\/p><p class=\"p5\"><b>Para proporcionar y mantener nuestro Servicio<\/b>, incluido el seguimiento del uso de nuestro Servicio.<\/p><p class=\"p5\"><b>Para administrar su cuenta: <\/b>para gestionar su registro como usuario del Servicio. Los Datos Personales que usted proporciona pueden darle acceso a diferentes funcionalidades del Servicio que est\u00e1n disponibles para Usted como usuario registrado.<\/p><p class=\"p5\"><b>Para la ejecuci\u00f3n de un contrato: <\/b>el desarrollo, cumplimiento y realizaci\u00f3n del contrato de compra de los art\u00edculos o servicios que Usted haya adquirido o de cualquier otro contrato con Nosotros a trav\u00e9s del Servicio.<\/p><p class=\"p5\"><b>Para contactarte: <\/b>para contactarlo a trav\u00e9s de correo electr\u00f3nico, llamadas telef\u00f3nicas, SMS u otras formas equivalentes de comunicaci\u00f3n electr\u00f3nica, como notificaciones autom\u00e1ticas desde una aplicaci\u00f3n m\u00f3vil sobre actualizaciones o comunicaciones informativas relacionadas con las funcionalidades, productos o servicios contratados, incluidas actualizaciones de seguridad, cuando sea necesario o razonable para su implementaci\u00f3n.<\/p><p class=\"p5\"><b>Para proporcionarte <\/b>con noticias, ofertas especiales e informaci\u00f3n general sobre otros bienes, servicios y eventos que ofrecemos, que son similares a los que ya compr\u00f3 o sobre los que realiz\u00f3 consultas, a menos que haya optado por no recibir dicha informaci\u00f3n.<\/p><p class=\"p5\"><b>Para gestionar sus solicitudes: <\/b>para atender y gestionar sus solicitudes dirigidas a nosotros.<\/p><p class=\"p5\"><b>Para transferencias de negocios: <\/b>Podemos utilizar su informaci\u00f3n para evaluar o llevar a cabo una fusi\u00f3n, desinversi\u00f3n, reestructuraci\u00f3n, reorganizaci\u00f3n, disoluci\u00f3n u otra venta o transferencia de algunos o todos nuestros activos, ya sea de forma independiente o en relaci\u00f3n con una quiebra, liquidaci\u00f3n, o procedimiento similar, en el que los datos personales que tenemos sobre los usuarios de nuestro Servicio son uno de los activos transferidos.<\/p><p class=\"p5\"><b>Para otros fines<\/b>: Tambi\u00e9n podemos utilizar su informaci\u00f3n para an\u00e1lisis de datos, detectar patrones de uso, medir el \u00e9xito de campa\u00f1as publicitarias y evaluar y mejorar nuestro servicio, bienes, ofertas, publicidad y experiencia del cliente.<\/p><p class=\"p1\">Podemos compartir su informaci\u00f3n personal en las siguientes situaciones:<\/p><ul class=\"ul1\"><li class=\"li1\"><b>Con proveedores de servicios: <\/b>Podemos compartir su informaci\u00f3n personal con proveedores de servicios para monitorear y analizar el uso de nuestro Servicio y contactarlo.<\/li><li class=\"li1\"><b>Para transferencias de negocios: <\/b>En el curso de o en conjunto con cualquier fusi\u00f3n, venta de activos corporativos, financiamiento o compra de todo o parte de Nuestro negocio por parte de otra empresa, podemos revelar o transferir Su informaci\u00f3n personal.<\/li><li class=\"li1\"><b>Con afiliados: <\/b>En caso de que revelemos su informaci\u00f3n a nuestros afiliados, les exigiremos que cumplan con esta Pol\u00edtica de privacidad. Las afiliadas son subsidiarias, socios en empresas conjuntas u otros negocios que controlamos o con los que tenemos una estructura de control compartido. Esto incluye nuestra empresa matriz.<\/li><li class=\"li1\"><b>Con socios comerciales: <\/b>Podemos compartir su informaci\u00f3n con nuestros socios comerciales para ofrecerle ciertos productos, servicios o promociones.<\/li><li class=\"li1\"><b>Con otros usuarios: <\/b>Cuando interact\u00faa con otros usuarios en espacios p\u00fablicos y comparte informaci\u00f3n personal con ellos, otros usuarios pueden ver esta informaci\u00f3n y compartirla p\u00fablicamente.<\/li><li class=\"li1\"><b>Con su consentimiento<\/b>: Podemos revelar su informaci\u00f3n personal para cualquier otro prop\u00f3sito con su consentimiento.<\/li><\/ul><p class=\"p6\"><b>Conservaci\u00f3n de sus datos personales<\/b><\/p><p class=\"p1\">La Compa\u00f1\u00eda solo conservar\u00e1 su informaci\u00f3n personal durante el tiempo necesario para lograr los objetivos descritos en esta declaraci\u00f3n de privacidad. En la medida necesaria para cumplir con nuestras obligaciones legales (por ejemplo, si las leyes pertinentes nos obligan a mantener sus datos archivados), resolver disputas y respetar nuestros acuerdos y pol\u00edticas, conservaremos y utilizaremos sus datos personales.<\/p><p class=\"p1\">La Compa\u00f1\u00eda tambi\u00e9n conservar\u00e1 los datos de uso para necesidades anal\u00edticas internas. Los datos de uso normalmente se conservan durante per\u00edodos de tiempo m\u00e1s cortos. Sin embargo, puede conservarse por m\u00e1s tiempo si es necesario para cumplir con obligaciones legales, resolver disputas o mejorar el desempe\u00f1o de Nuestro Servicio.<\/p><p class=\"p4\"><b>Transferencia de sus datos personales<\/b><\/p><p class=\"p1\">Las oficinas de operaciones de la Compa\u00f1\u00eda y cualquier otro lugar donde se encuentren las partes que participan en el procesamiento son donde se procesa su informaci\u00f3n, incluidos los Datos personales. La implicaci\u00f3n es que estos datos pueden transferirse y conservarse en computadoras ubicadas fuera de su estado, provincia, naci\u00f3n u otra jurisdicci\u00f3n gubernamental, donde las reglas de protecci\u00f3n de datos pueden variar de las de su jurisdicci\u00f3n.<\/p><p class=\"p1\">Su aceptaci\u00f3n de esa transferencia se demuestra mediante su aceptaci\u00f3n de esta Pol\u00edtica de Privacidad y su env\u00edo de la informaci\u00f3n relevante. No se realizar\u00e1 ninguna transferencia de Sus datos personales a una empresa o pa\u00eds a menos que existan controles adecuados, incluida la seguridad de Sus datos y otra informaci\u00f3n personal. La Compa\u00f1\u00eda tomar\u00e1 todas las medidas razonablemente necesarias para garantizar que Sus datos sean tratados de forma segura y de acuerdo con esta Pol\u00edtica de Privacidad.<\/p><p class=\"p6\"><b>Elimine sus datos personales<\/b><\/p><p class=\"p1\">Los Datos personales que hemos recopilado sobre usted pueden eliminarse si lo solicita, o puede solicitar que le ayudemos a hacerlo.<\/p><p class=\"p1\">Es posible que pueda eliminar cierta informaci\u00f3n sobre usted de nuestro servicio.<\/p><p class=\"p1\">Si tiene una cuenta, puede modificar su informaci\u00f3n personal all\u00ed iniciando sesi\u00f3n y yendo a la p\u00e1gina de configuraci\u00f3n de la cuenta. Esto le permitir\u00e1 actualizar, modificar o eliminar su informaci\u00f3n cuando lo desee. Puede ponerse en contacto con nosotros para solicitar acceso, rectificaci\u00f3n o eliminaci\u00f3n de cualquier dato personal que nos haya proporcionado.<\/p><p class=\"p1\">Sin embargo, tenga en cuenta que ocasionalmente es posible que se nos solicite mantener informaci\u00f3n espec\u00edfica en nuestros archivos debido a una necesidad legal u otra raz\u00f3n v\u00e1lida.<\/p><p class=\"p6\"><b>Divulgaci\u00f3n de sus datos personales<\/b><\/p><p class=\"p1\"><b>Transacciones de negocios<\/b><\/p><p class=\"p1\">Sus datos personales podr\u00edan transferirse si la Compa\u00f1\u00eda realiza una fusi\u00f3n, adquisici\u00f3n o venta de activos. Antes de que sus datos personales se muevan y est\u00e9n sujetos a una nueva Pol\u00edtica de privacidad, se lo notificaremos.<\/p><p class=\"p1\"><b>Cumplimiento de la ley<\/b><\/p><p class=\"p1\">En algunos casos, la Compa\u00f1\u00eda puede verse obligada a divulgar sus datos personales para cumplir con obligaciones legales o solicitudes gubernamentales leg\u00edtimas (incluidas las realizadas por un tribunal o una agencia gubernamental).<\/p><p class=\"p7\"><b>Otros requisitos legales<\/b><\/p><p class=\"p1\">Si la Compa\u00f1\u00eda tiene la convicci\u00f3n de buena fe de que revelar sus datos personales es esencial, puede hacerlo.<\/p><ul class=\"ul1\"><li class=\"li1\">Cumplir con una obligaci\u00f3n legal<\/li><li class=\"li1\">Proteger y defender los derechos o bienes de la Empresa<\/li><li class=\"li1\">Prevenir o investigar posibles irregularidades en relaci\u00f3n con el Servicio<\/li><li class=\"li1\">Proteger la seguridad personal de los usuarios del Servicio o del p\u00fablico.<\/li><li class=\"li1\">Proteger contra responsabilidad legal<\/li><\/ul><p class=\"p4\"><b>Seguridad de sus datos personales<\/b><\/p><p class=\"p1\">Nos tomamos en serio la seguridad de sus datos personales, pero tenga en cuenta que ninguna forma de almacenamiento o transferencia de datos electr\u00f3nicos a trav\u00e9s de Internet es 100 % segura. Si bien hacemos todo lo posible para proteger sus datos personales utilizando medios comercialmente aceptables, no podemos garantizar su total seguridad.<\/p><p class=\"p3\"><span class=\"s1\">Privacidad de los ni\u00f1os<\/span><\/p><p class=\"p1\">Cualquier persona menor de 18 a\u00f1os no es elegible para utilizar nuestro servicio. Cualquier persona menor de 18 a\u00f1os no est\u00e1 sujeta intencionalmente a nuestra recopilaci\u00f3n de informaci\u00f3n de identificaci\u00f3n personal. P\u00f3ngase en contacto con nosotros si es padre o tutor legal y sabe que su hijo nos ha proporcionado informaci\u00f3n personal. Tomaremos medidas para borrar los datos de Nuestros sistemas si descubrimos que hemos obtenido Datos personales de cualquier persona menor de 18 a\u00f1os sin confirmar primero el permiso de los padres.<\/p><p class=\"p1\">Podemos solicitar el permiso de sus padres antes de recopilar y utilizar Su informaci\u00f3n si debemos confiar en el consentimiento como base legal para hacerlo y Su naci\u00f3n as\u00ed lo requiere.<\/p><p class=\"p3\"><span class=\"s1\">Enlaces a otros sitios web<\/span><\/p><p class=\"p1\">En Nuestro Servicio puede haber enlaces a otros sitios web que no administramos Nosotros. Ser\u00e1 enviado al sitio web de un tercero si hace clic en uno de sus enlaces. Le recomendamos que lea atentamente la declaraci\u00f3n de privacidad de cada sitio web que visite.<\/p><p class=\"p1\">El contenido, las pr\u00e1cticas de privacidad u otras pol\u00edticas de cualquier sitio web o servicio de terceros est\u00e1n fuera de nuestro control y responsabilidad.<\/p><p class=\"p3\"><span class=\"s1\">Cambios a esta Pol\u00edtica de Privacidad<\/span><\/p><p class=\"p1\">Nuestra pol\u00edtica de privacidad puede actualizarse ocasionalmente. Cada vez que realicemos cambios, se lo haremos saber publicando la Pol\u00edtica de Privacidad actualizada en esta p\u00e1gina.<\/p><p class=\"p1\">Antes de que la modificaci\u00f3n entre en vigencia, le notificaremos por correo electr\u00f3nico y\/o un aviso claro en Nuestro Servicio, y tambi\u00e9n modificaremos la fecha de &#8220;\u00daltima actualizaci\u00f3n&#8221; en la parte superior de esta Pol\u00edtica de Privacidad.<\/p><p class=\"p1\">Le recomendamos que consulte peri\u00f3dicamente esta declaraci\u00f3n de privacidad para ver si hay actualizaciones. Cualquier modificaci\u00f3n a esta declaraci\u00f3n de privacidad entra en vigor cuando se publica en esta p\u00e1gina.\u00a0<\/p>\t\t\t\t\t\t\t\t<\/div>\n\t\t\t\t<\/div>\n\t\t\t\t<div class=\"elementor-element elementor-element-bb03c6d translation-block elementor-widget elementor-widget-text-editor\" data-id=\"bb03c6d\" data-element_type=\"widget\" data-widget_type=\"text-editor.default\">\n\t\t\t\t<div class=\"elementor-widget-container\">\n\t\t\t\t\t\t\t\t\t<h5 class=\"p1\"><span class=\"s1\">Cont\u00e1ctenos<\/span><\/h5><p class=\"p2\">Si tiene alguna pregunta sobre esta Pol\u00edtica de Privacidad, puede contactarnos en:<\/p><p class=\"p3\">Direcci\u00f3n: Ciudad de M\u00e9xico, M\u00e9xico.\u00a0<\/p><p class=\"p4\">Correo electr\u00f3nico: <a class=\"c-link\" href=\"mailto:newtravel@vistatravelclub.com\" target=\"_blank\" rel=\"noopener noreferrer\" data-stringify-link=\"mailto:newtravel@vistatravelclub.com\" data-sk=\"tooltip_parent\" aria-haspopup=\"menu\">newtravel@vistatravelclub.com<\/a><\/p>\t\t\t\t\t\t\t\t<\/div>\n\t\t\t\t<\/div>\n\t\t\t\t\t<\/div>\n\t\t<\/div>\n\t\t\t\t\t<\/div>\n\t\t<\/section>\n\t\t\t\t<\/div>","protected":false},"excerpt":{"rendered":"<p>\u00daltima actualizaci\u00f3n: 19 de octubre del 2023. Esta Pol\u00edtica de Privacidad le informa sobre Sus derechos de privacidad y las leyes que los protegen, as\u00ed como Nuestras pol\u00edticas y pr\u00e1cticas para la recopilaci\u00f3n, el uso y el intercambio de Su informaci\u00f3n cuando utiliza el Servicio. El Servicio se proporciona y mejora mediante el uso de [&hellip;]<\/p>","protected":false},"author":2,"featured_media":0,"parent":0,"menu_order":0,"comment_status":"closed","ping_status":"closed","template":"","meta":{"footnotes":""},"class_list":["post-3","page","type-page","status-publish","hentry"],"_links":{"self":[{"href":"https:\/\/vistatravelclub.com\/en\/wp-json\/wp\/v2\/pages\/3","targetHints":{"allow":["GET"]}}],"collection":[{"href":"https:\/\/vistatravelclub.com\/en\/wp-json\/wp\/v2\/pages"}],"about":[{"href":"https:\/\/vistatravelclub.com\/en\/wp-json\/wp\/v2\/types\/page"}],"author":[{"embeddable":true,"href":"https:\/\/vistatravelclub.com\/en\/wp-json\/wp\/v2\/users\/2"}],"replies":[{"embeddable":true,"href":"https:\/\/vistatravelclub.com\/en\/wp-json\/wp\/v2\/comments?post=3"}],"version-history":[{"count":51,"href":"https:\/\/vistatravelclub.com\/en\/wp-json\/wp\/v2\/pages\/3\/revisions"}],"predecessor-version":[{"id":3520,"href":"https:\/\/vistatravelclub.com\/en\/wp-json\/wp\/v2\/pages\/3\/revisions\/3520"}],"wp:attachment":[{"href":"https:\/\/vistatravelclub.com\/en\/wp-json\/wp\/v2\/media?parent=3"}],"curies":[{"name":"wp","href":"https:\/\/api.w.org\/{rel}","templated":true}]}}